{"id":9,"date":"2019-02-13T10:57:44","date_gmt":"2019-02-13T09:57:44","guid":{"rendered":"http:\/\/pierrequiroulegarage.fr\/?page_id=9"},"modified":"2024-04-26T11:55:23","modified_gmt":"2024-04-26T09:55:23","slug":"contact","status":"publish","type":"page","link":"https:\/\/pierrequiroulegarage.fr\/index.php\/contact\/","title":{"rendered":"Contact"},"content":{"rendered":"<div class=\"wp-block-image\">\n<figure class=\"aligncenter is-resized\"><img data-recalc-dims=\"1\" loading=\"lazy\" decoding=\"async\" width=\"840\" height=\"495\" data-attachment-id=\"545\" data-permalink=\"https:\/\/pierrequiroulegarage.fr\/index.php\/contact\/_t5x8527\/\" data-orig-file=\"https:\/\/i0.wp.com\/pierrequiroulegarage.fr\/wp-content\/uploads\/2019\/10\/T5X8527.jpg?fit=2225%2C1311&amp;ssl=1\" data-orig-size=\"2225,1311\" data-comments-opened=\"1\" data-image-meta=\"{&quot;aperture&quot;:&quot;7.1&quot;,&quot;credit&quot;:&quot;&quot;,&quot;camera&quot;:&quot;Canon EOS-1Ds Mark II&quot;,&quot;caption&quot;:&quot;&quot;,&quot;created_timestamp&quot;:&quot;1220114489&quot;,&quot;copyright&quot;:&quot;&quot;,&quot;focal_length&quot;:&quot;50&quot;,&quot;iso&quot;:&quot;100&quot;,&quot;shutter_speed&quot;:&quot;0.004&quot;,&quot;title&quot;:&quot;&quot;,&quot;orientation&quot;:&quot;1&quot;}\" data-image-title=\"_T5X8527\" data-image-description=\"\" data-image-caption=\"\" data-large-file=\"https:\/\/i0.wp.com\/pierrequiroulegarage.fr\/wp-content\/uploads\/2019\/10\/T5X8527.jpg?fit=840%2C495&amp;ssl=1\" src=\"https:\/\/i0.wp.com\/pierrequiroulegarage.fr\/wp-content\/uploads\/2019\/10\/T5X8527-1024x603.jpg?resize=840%2C495\" alt=\"\" class=\"wp-image-545\" style=\"width:761px;height:448px\" srcset=\"https:\/\/i0.wp.com\/pierrequiroulegarage.fr\/wp-content\/uploads\/2019\/10\/T5X8527.jpg?resize=1024%2C603&amp;ssl=1 1024w, https:\/\/i0.wp.com\/pierrequiroulegarage.fr\/wp-content\/uploads\/2019\/10\/T5X8527.jpg?resize=300%2C177&amp;ssl=1 300w, https:\/\/i0.wp.com\/pierrequiroulegarage.fr\/wp-content\/uploads\/2019\/10\/T5X8527.jpg?resize=768%2C453&amp;ssl=1 768w, https:\/\/i0.wp.com\/pierrequiroulegarage.fr\/wp-content\/uploads\/2019\/10\/T5X8527.jpg?resize=800%2C471&amp;ssl=1 800w, https:\/\/i0.wp.com\/pierrequiroulegarage.fr\/wp-content\/uploads\/2019\/10\/T5X8527.jpg?resize=305%2C180&amp;ssl=1 305w, https:\/\/i0.wp.com\/pierrequiroulegarage.fr\/wp-content\/uploads\/2019\/10\/T5X8527.jpg?w=1680&amp;ssl=1 1680w\" sizes=\"auto, (max-width: 840px) 100vw, 840px\" \/><figcaption class=\"wp-element-caption\"><br>&nbsp;<\/figcaption><\/figure>\n<\/div>\n\n<p style=\"text-align: center;\">Que faire ? Il n&rsquo;y a plus qu&rsquo;\u00e0 nous appeler au 0675710107 ou \u00e0 prendre votre plus belle plume et nous \u00e9crire \u00e0 cette adresse <a href=\"mailto:hello@pierrequiroulegarage.fr\">hello@pierrequiroulegarage.fr<\/a>\u00a0afin de nous retrouver sur rendez-vous au 42 chemin de la Dame Verte \u00e0 Quinsac 33360.<\/p>\n\n\n<p><\/p>\n","protected":false},"excerpt":{"rendered":"<p>Que faire ? Il n&rsquo;y a plus qu&rsquo;\u00e0 nous appeler au 0675710107 ou \u00e0 prendre votre plus belle plume et nous \u00e9crire \u00e0 cette adresse hello@pierrequiroulegarage.fr\u00a0afin de nous retrouver sur rendez-vous au 42 chemin de la Dame Verte \u00e0 Quinsac 33360.<\/p>\n","protected":false},"author":1,"featured_media":0,"parent":0,"menu_order":0,"comment_status":"closed","ping_status":"closed","template":"","meta":{"jetpack_post_was_ever_published":false,"footnotes":""},"class_list":["post-9","page","type-page","status-publish","hentry","empty-entry-meta"],"jetpack_sharing_enabled":true,"jetpack_shortlink":"https:\/\/wp.me\/PaIq2X-9","jetpack-related-posts":[{"id":7,"url":"https:\/\/pierrequiroulegarage.fr\/","url_meta":{"origin":9,"position":0},"title":"Bienvenue chez Pierre qui roule Garage","author":"admin4984","date":"13 f\u00e9vrier 2019","format":false,"excerpt":"\u00a0 Apr\u00e8s avoir \u00e9t\u00e9 m\u00e9canicien et \u00e9lectricien dans la comp\u00e9tition automobile pendant plus de 15 ans, Pierre, entretient, r\u00e9pare et r\u00e9nove des v\u00e9hicules avec passion et enthousiasme. Vous \u00eates propri\u00e9taire d'un v\u00e9hicule ancien ou d'une Mini essence, et vous recherchez un m\u00e9canicien sp\u00e9cialis\u00e9 pour l'entretien et la r\u00e9paration de votre\u2026","rel":"","context":"Article similaire","block_context":{"text":"Article similaire","link":""},"img":{"alt_text":"","src":"https:\/\/i0.wp.com\/pierrequiroulegarage.fr\/wp-content\/uploads\/2024\/07\/IMG_0059-scaled.jpg?resize=350%2C200&ssl=1","width":350,"height":200,"srcset":"https:\/\/i0.wp.com\/pierrequiroulegarage.fr\/wp-content\/uploads\/2024\/07\/IMG_0059-scaled.jpg?resize=350%2C200&ssl=1 1x, https:\/\/i0.wp.com\/pierrequiroulegarage.fr\/wp-content\/uploads\/2024\/07\/IMG_0059-scaled.jpg?resize=525%2C300&ssl=1 1.5x, https:\/\/i0.wp.com\/pierrequiroulegarage.fr\/wp-content\/uploads\/2024\/07\/IMG_0059-scaled.jpg?resize=700%2C400&ssl=1 2x, https:\/\/i0.wp.com\/pierrequiroulegarage.fr\/wp-content\/uploads\/2024\/07\/IMG_0059-scaled.jpg?resize=1050%2C600&ssl=1 3x, https:\/\/i0.wp.com\/pierrequiroulegarage.fr\/wp-content\/uploads\/2024\/07\/IMG_0059-scaled.jpg?resize=1400%2C800&ssl=1 4x"},"classes":[]},{"id":8,"url":"https:\/\/pierrequiroulegarage.fr\/index.php\/a-propos-de\/","url_meta":{"origin":9,"position":1},"title":"La page Cambouis","author":"admin4984","date":"13 f\u00e9vrier 2019","format":false,"excerpt":"Bah dit donc, il y \u00a0en a des bidules, des truc et des choses et des machins .... Retrouvez P\u00eale-m\u00eale de la Delorean, de la Jeep, de l'Arola, du Combi (VW), de la Mini du J5 Dangel de la Porsche et m\u00eame du Solex !","rel":"","context":"Article similaire","block_context":{"text":"Article similaire","link":""},"img":{"alt_text":"","src":"https:\/\/i0.wp.com\/pierrequiroulegarage.fr\/wp-content\/uploads\/2019\/03\/Chaine-de-912-1965416103-1553173610510.jpg?fit=615%2C250&ssl=1&resize=350%2C200","width":350,"height":200,"srcset":"https:\/\/i0.wp.com\/pierrequiroulegarage.fr\/wp-content\/uploads\/2019\/03\/Chaine-de-912-1965416103-1553173610510.jpg?fit=615%2C250&ssl=1&resize=350%2C200 1x, https:\/\/i0.wp.com\/pierrequiroulegarage.fr\/wp-content\/uploads\/2019\/03\/Chaine-de-912-1965416103-1553173610510.jpg?fit=615%2C250&ssl=1&resize=525%2C300 1.5x"},"classes":[]}],"_links":{"self":[{"href":"https:\/\/pierrequiroulegarage.fr\/index.php\/wp-json\/wp\/v2\/pages\/9","targetHints":{"allow":["GET"]}}],"collection":[{"href":"https:\/\/pierrequiroulegarage.fr\/index.php\/wp-json\/wp\/v2\/pages"}],"about":[{"href":"https:\/\/pierrequiroulegarage.fr\/index.php\/wp-json\/wp\/v2\/types\/page"}],"author":[{"embeddable":true,"href":"https:\/\/pierrequiroulegarage.fr\/index.php\/wp-json\/wp\/v2\/users\/1"}],"replies":[{"embeddable":true,"href":"https:\/\/pierrequiroulegarage.fr\/index.php\/wp-json\/wp\/v2\/comments?post=9"}],"version-history":[{"count":24,"href":"https:\/\/pierrequiroulegarage.fr\/index.php\/wp-json\/wp\/v2\/pages\/9\/revisions"}],"predecessor-version":[{"id":1418,"href":"https:\/\/pierrequiroulegarage.fr\/index.php\/wp-json\/wp\/v2\/pages\/9\/revisions\/1418"}],"wp:attachment":[{"href":"https:\/\/pierrequiroulegarage.fr\/index.php\/wp-json\/wp\/v2\/media?parent=9"}],"curies":[{"name":"wp","href":"https:\/\/api.w.org\/{rel}","templated":true}]}}